{"id":1154,"date":"2025-06-03T20:23:52","date_gmt":"2025-06-03T13:23:52","guid":{"rendered":"https:\/\/demo.vncoder.xyz\/manhtien\/che-pham-cat-tao-ao-nuoi"},"modified":"2025-06-03T21:36:45","modified_gmt":"2025-06-03T14:36:45","slug":"che-pham-cat-tao-ao-nuoi","status":"publish","type":"product","link":"https:\/\/demo.codervn.xyz\/manhtien\/che-pham-cat-tao-ao-nuoi","title":{"rendered":"Ch\u1ebf ph\u1ea9m c\u00e1t t\u1ea3o ao nu\u00f4i"},"content":{"rendered":"<p>Ph\u00f2ng v\u00e0 tr\u1ecb vi\u00eam da ti\u1ebft b\u00e3 nh\u1eddn, da b\u1ecb k\u00edch \u1ee9ng ng\u1ee9a, n\u1ea5m l\u00f4ng, r\u1ee5ng l\u00f4ng, da c\u00f3 v\u1ea3y v\u00e0 l\u00f4ng c\u00f3 m\u00f9i kh\u00f3 ch\u1ecbu do n\u1ea5m v\u00e0 vi khu\u1ea9n g\u00e2y ra tr\u00ean ch\u00f3, m\u00e8o, ng\u1ef1a. Gi\u00fap l\u00f4ng, da th\u00fa m\u1ec1m m\u01b0\u1ee3t, s\u1ea1ch.<\/p>\n","protected":false},"excerpt":{"rendered":"<p>Short desc Ph\u00f2ng v\u00e0 tr\u1ecb vi\u00eam da ti\u1ebft b\u00e3 nh\u1eddn, da b\u1ecb k\u00edch \u1ee9ng ng\u1ee9a, n\u1ea5m l\u00f4ng, r\u1ee5ng l\u00f4ng, da c\u00f3 v\u1ea3y v\u00e0 l\u00f4ng c\u00f3 m\u00f9i kh\u00f3 ch\u1ecbu do n\u1ea5m v\u00e0 vi khu\u1ea9n g\u00e2y ra tr\u00ean ch\u00f3, m\u00e8o, ng\u1ef1a. Gi\u00fap l\u00f4ng, da th\u00fa m\u1ec1m m\u01b0\u1ee3t, s\u1ea1ch.<\/p>\n","protected":false},"featured_media":1045,"comment_status":"closed","ping_status":"closed","template":"","meta":[],"product_cat":[62],"product_tag":[],"class_list":{"0":"post-1154","1":"product","2":"type-product","3":"status-publish","4":"has-post-thumbnail","6":"product_cat-nhom-dinh-duong-va-vi-sinh-co-loi","8":"first","9":"instock","10":"sale","11":"shipping-taxable","12":"product-type-simple"},"acf":[],"_links":{"self":[{"href":"https:\/\/demo.codervn.xyz\/manhtien\/wp-json\/wp\/v2\/product\/1154","targetHints":{"allow":["GET"]}}],"collection":[{"href":"https:\/\/demo.codervn.xyz\/manhtien\/wp-json\/wp\/v2\/product"}],"about":[{"href":"https:\/\/demo.codervn.xyz\/manhtien\/wp-json\/wp\/v2\/types\/product"}],"replies":[{"embeddable":true,"href":"https:\/\/demo.codervn.xyz\/manhtien\/wp-json\/wp\/v2\/comments?post=1154"}],"wp:featuredmedia":[{"embeddable":true,"href":"https:\/\/demo.codervn.xyz\/manhtien\/wp-json\/wp\/v2\/media\/1045"}],"wp:attachment":[{"href":"https:\/\/demo.codervn.xyz\/manhtien\/wp-json\/wp\/v2\/media?parent=1154"}],"wp:term":[{"taxonomy":"product_cat","embeddable":true,"href":"https:\/\/demo.codervn.xyz\/manhtien\/wp-json\/wp\/v2\/product_cat?post=1154"},{"taxonomy":"product_tag","embeddable":true,"href":"https:\/\/demo.codervn.xyz\/manhtien\/wp-json\/wp\/v2\/product_tag?post=1154"}],"curies":[{"name":"wp","href":"https:\/\/api.w.org\/{rel}","templated":true}]}}