{"id":1152,"date":"2025-06-03T20:23:52","date_gmt":"2025-06-03T13:23:52","guid":{"rendered":"https:\/\/demo.vncoder.xyz\/manhtien\/3s-xu-ly-nuoc-va-day-ao-nuoi-tom-ca"},"modified":"2025-06-03T21:27:01","modified_gmt":"2025-06-03T14:27:01","slug":"3s-xu-ly-nuoc-va-day-ao-nuoi-tom-ca","status":"publish","type":"product","link":"https:\/\/demo.codervn.xyz\/manhtien\/3s-xu-ly-nuoc-va-day-ao-nuoi-tom-ca","title":{"rendered":"3s x\u1eed l\u00fd n\u01b0\u1edbc v\u00e0 \u0111\u00e1y ao nu\u00f4i t\u00f4m c\u00e1"},"content":{"rendered":"<p>Ph\u00f2ng v\u00e0 tr\u1ecb vi\u00eam da ti\u1ebft b\u00e3 nh\u1eddn, da b\u1ecb k\u00edch \u1ee9ng ng\u1ee9a, n\u1ea5m l\u00f4ng, r\u1ee5ng l\u00f4ng, da c\u00f3 v\u1ea3y v\u00e0 l\u00f4ng c\u00f3 m\u00f9i kh\u00f3 ch\u1ecbu do n\u1ea5m v\u00e0 vi khu\u1ea9n g\u00e2y ra tr\u00ean ch\u00f3, m\u00e8o, ng\u1ef1a. Gi\u00fap l\u00f4ng, da th\u00fa m\u1ec1m m\u01b0\u1ee3t, s\u1ea1ch.<\/p>\n","protected":false},"excerpt":{"rendered":"<p>Short desc Ph\u00f2ng v\u00e0 tr\u1ecb vi\u00eam da ti\u1ebft b\u00e3 nh\u1eddn, da b\u1ecb k\u00edch \u1ee9ng ng\u1ee9a, n\u1ea5m l\u00f4ng, r\u1ee5ng l\u00f4ng, da c\u00f3 v\u1ea3y v\u00e0 l\u00f4ng c\u00f3 m\u00f9i kh\u00f3 ch\u1ecbu do n\u1ea5m v\u00e0 vi khu\u1ea9n g\u00e2y ra tr\u00ean ch\u00f3, m\u00e8o, ng\u1ef1a. Gi\u00fap l\u00f4ng, da th\u00fa m\u1ec1m m\u01b0\u1ee3t, s\u1ea1ch.<\/p>\n","protected":false},"featured_media":1041,"comment_status":"closed","ping_status":"closed","template":"","meta":[],"product_cat":[63],"product_tag":[],"class_list":{"0":"post-1152","1":"product","2":"type-product","3":"status-publish","4":"has-post-thumbnail","6":"product_cat-nhom-thuoc-danh-cho-ca-canh","8":"first","9":"instock","10":"shipping-taxable","11":"product-type-simple"},"acf":[],"_links":{"self":[{"href":"https:\/\/demo.codervn.xyz\/manhtien\/wp-json\/wp\/v2\/product\/1152","targetHints":{"allow":["GET"]}}],"collection":[{"href":"https:\/\/demo.codervn.xyz\/manhtien\/wp-json\/wp\/v2\/product"}],"about":[{"href":"https:\/\/demo.codervn.xyz\/manhtien\/wp-json\/wp\/v2\/types\/product"}],"replies":[{"embeddable":true,"href":"https:\/\/demo.codervn.xyz\/manhtien\/wp-json\/wp\/v2\/comments?post=1152"}],"wp:featuredmedia":[{"embeddable":true,"href":"https:\/\/demo.codervn.xyz\/manhtien\/wp-json\/wp\/v2\/media\/1041"}],"wp:attachment":[{"href":"https:\/\/demo.codervn.xyz\/manhtien\/wp-json\/wp\/v2\/media?parent=1152"}],"wp:term":[{"taxonomy":"product_cat","embeddable":true,"href":"https:\/\/demo.codervn.xyz\/manhtien\/wp-json\/wp\/v2\/product_cat?post=1152"},{"taxonomy":"product_tag","embeddable":true,"href":"https:\/\/demo.codervn.xyz\/manhtien\/wp-json\/wp\/v2\/product_tag?post=1152"}],"curies":[{"name":"wp","href":"https:\/\/api.w.org\/{rel}","templated":true}]}}