{"id":1165,"date":"2025-05-20T16:20:22","date_gmt":"2025-05-20T09:20:22","guid":{"rendered":"https:\/\/demo.vncoder.xyz\/chauminhlong2025\/?post_type=product&#038;p=1165"},"modified":"2025-05-31T17:17:53","modified_gmt":"2025-05-31T10:17:53","slug":"gia-cong-co-khi-chinh-xac-4","status":"publish","type":"product","link":"https:\/\/demo.codervn.xyz\/chauminhlong2025\/gia-cong-co-khi-chinh-xac-4","title":{"rendered":"Gia C\u00f4ng C\u01a1 Kh\u00ed Ch\u00ednh X\u00e1c 4"},"content":{"rendered":"","protected":false},"excerpt":{"rendered":"","protected":false},"featured_media":1208,"comment_status":"closed","ping_status":"closed","template":"","meta":[],"product_brand":[],"product_cat":[40],"product_tag":[],"class_list":{"0":"post-1165","1":"product","2":"type-product","3":"status-publish","4":"has-post-thumbnail","6":"product_cat-che-tao-lap-dat","8":"first","9":"instock","10":"shipping-taxable","11":"product-type-simple"},"acf":[],"_links":{"self":[{"href":"https:\/\/demo.codervn.xyz\/chauminhlong2025\/wp-json\/wp\/v2\/product\/1165","targetHints":{"allow":["GET"]}}],"collection":[{"href":"https:\/\/demo.codervn.xyz\/chauminhlong2025\/wp-json\/wp\/v2\/product"}],"about":[{"href":"https:\/\/demo.codervn.xyz\/chauminhlong2025\/wp-json\/wp\/v2\/types\/product"}],"replies":[{"embeddable":true,"href":"https:\/\/demo.codervn.xyz\/chauminhlong2025\/wp-json\/wp\/v2\/comments?post=1165"}],"wp:featuredmedia":[{"embeddable":true,"href":"https:\/\/demo.codervn.xyz\/chauminhlong2025\/wp-json\/wp\/v2\/media\/1208"}],"wp:attachment":[{"href":"https:\/\/demo.codervn.xyz\/chauminhlong2025\/wp-json\/wp\/v2\/media?parent=1165"}],"wp:term":[{"taxonomy":"product_brand","embeddable":true,"href":"https:\/\/demo.codervn.xyz\/chauminhlong2025\/wp-json\/wp\/v2\/product_brand?post=1165"},{"taxonomy":"product_cat","embeddable":true,"href":"https:\/\/demo.codervn.xyz\/chauminhlong2025\/wp-json\/wp\/v2\/product_cat?post=1165"},{"taxonomy":"product_tag","embeddable":true,"href":"https:\/\/demo.codervn.xyz\/chauminhlong2025\/wp-json\/wp\/v2\/product_tag?post=1165"}],"curies":[{"name":"wp","href":"https:\/\/api.w.org\/{rel}","templated":true}]}}